{"id":481,"date":"2025-09-16T20:59:43","date_gmt":"2025-09-16T11:59:43","guid":{"rendered":"https:\/\/kyonconnection.com\/?page_id=481"},"modified":"2025-10-28T22:24:05","modified_gmt":"2025-10-28T13:24:05","slug":"top","status":"publish","type":"page","link":"https:\/\/kyonconnection.com\/","title":{"rendered":"TOP"},"content":{"rendered":"\n<div class=\"wp-block-group\"><div class=\"wp-block-group__inner-container is-layout-constrained wp-block-group-is-layout-constrained\">\n<h2 class=\"wp-block-heading\">Klassische Musik: Von Japan hinaus in die Welt<\/h2>\n\n\n\n<p>Kyon Connection ist eine auf klassische Musik spezialisierte Agentur, die Japan und Europa verbindet.<\/p>\n\n\n\n<p>Wir schaffen B\u00fchnen f\u00fcr Auftritte, bringen Musik zum Klingen und tragen ihre Faszination in die Welt hinaus.<\/p>\n\n\n\n<p>Kyon Connection entwickelt drei Gesch\u00e4ftsbereiche, die sich ganz auf klassische Musik konzentrieren.<\/p>\n\n\n\n<div style=\"height:50px\" aria-hidden=\"true\" class=\"wp-block-spacer\"><\/div>\n\n\n\n<div class=\"swell-block-button green_ -size-s is-style-btn_line\" data-align=\"right\" data-id=\"ea601e50\"><a href=\"\/de\/service\/\" class=\"swell-block-button__link\" data-has-icon=\"1\"><span>SERVICE<\/span><svg class=\"__icon -right\" height=\"1em\" width=\"1em\" xmlns=\"http:\/\/www.w3.org\/2000\/svg\" aria-hidden=\"true\" viewBox=\"0 0 48 48\"><path d=\"M44 27H4v-3h36.7l-5.8-6.5 2.2-2 8 9z\"><\/path><\/svg><\/a><\/div>\n\n\n\n<div style=\"height:10px\" aria-hidden=\"true\" class=\"wp-block-spacer\"><\/div>\n<\/div><\/div>\n\n\n\n<div class=\"wp-block-group\"><div class=\"wp-block-group__inner-container is-layout-constrained wp-block-group-is-layout-constrained\">\n<h2 class=\"wp-block-heading\">WORKS<\/h2>\n\n\n<div class=\"p-postListWrap\"><ul class=\"p-postList -type-card -pc-col3 -sp-col1\"><li class=\"p-postList__item\">\n\t<a href=\"https:\/\/kyonconnection.com\/de\/works\/500\/\" class=\"p-postList__link\">\n\t\t<div class=\"p-postList__thumb c-postThumb\">\n\t<figure class=\"c-postThumb__figure\">\n\t\t<img decoding=\"async\" width=\"1280\" height=\"960\"  src=\"https:\/\/kyonconnection.com\/wp-content\/uploads\/AnimagiC-2025-kikuchi-and-budo-two-piano.jpg\" alt=\"\" class=\"c-postThumb__img u-obf-cover\" srcset=\"https:\/\/kyonconnection.com\/wp-content\/uploads\/AnimagiC-2025-kikuchi-and-budo-two-piano.jpg 1280w, https:\/\/kyonconnection.com\/wp-content\/uploads\/AnimagiC-2025-kikuchi-and-budo-two-piano-768x576.jpg 768w\" sizes=\"auto, (min-width: 960px) 400px, 100vw\" loading=\"lazy\" >\t<\/figure>\n\t<\/div>\n\t\t\t\t\t<div class=\"p-postList__body\">\n\t\t\t\t<h3 class=\"p-postList__title\">Pianist Ryota Kikuchi &amp; Budo \u2013 B\u00fchnenmoderation und Dolmetschen beim AnimagiC 2025, einem der gr\u00f6\u00dften Anime-Events in Deutschland<\/h3>\t\t\t\t\t\t\t\t<div class=\"p-postList__meta\">\n\t\t\t\t\t<div class=\"p-postList__times c-postTimes u-thin\">\n\t<time class=\"c-postTimes__posted icon-posted\" datetime=\"2025-08-01\" aria-label=\"\u516c\u958b\u65e5\">01.08.2025<\/time><\/div>\n\t\t\t\t<\/div>\n\t\t\t<\/div>\n\t\t\t<\/a>\n<\/li>\n<li class=\"p-postList__item\">\n\t<a href=\"https:\/\/kyonconnection.com\/de\/works\/598\/\" class=\"p-postList__link\">\n\t\t<div class=\"p-postList__thumb c-postThumb\">\n\t<figure class=\"c-postThumb__figure\">\n\t\t<img decoding=\"async\" width=\"1800\" height=\"1200\"  src=\"https:\/\/kyonconnection.com\/wp-content\/uploads\/2025-Nippon-Connection.jpg\" alt=\"\" class=\"c-postThumb__img u-obf-cover\" srcset=\"https:\/\/kyonconnection.com\/wp-content\/uploads\/2025-Nippon-Connection.jpg 1800w, https:\/\/kyonconnection.com\/wp-content\/uploads\/2025-Nippon-Connection-768x512.jpg 768w, https:\/\/kyonconnection.com\/wp-content\/uploads\/2025-Nippon-Connection-1536x1024.jpg 1536w\" sizes=\"auto, (min-width: 960px) 400px, 100vw\" loading=\"lazy\" >\t<\/figure>\n\t<\/div>\n\t\t\t\t\t<div class=\"p-postList__body\">\n\t\t\t\t<h3 class=\"p-postList__title\">Koordination der VIP-Einladung von Takuma Ishii bei der Nippon Connection 2025, Filmfestival Frankfurt, Deutschland<\/h3>\t\t\t\t\t\t\t\t<div class=\"p-postList__meta\">\n\t\t\t\t\t<div class=\"p-postList__times c-postTimes u-thin\">\n\t<time class=\"c-postTimes__posted icon-posted\" datetime=\"2025-05-27\" aria-label=\"\u516c\u958b\u65e5\">27.05.2025<\/time><\/div>\n\t\t\t\t<\/div>\n\t\t\t<\/div>\n\t\t\t<\/a>\n<\/li>\n<li class=\"p-postList__item\">\n\t<a href=\"https:\/\/kyonconnection.com\/de\/works\/600\/\" class=\"p-postList__link\">\n\t\t<div class=\"p-postList__thumb c-postThumb\">\n\t<figure class=\"c-postThumb__figure\">\n\t\t<img decoding=\"async\" width=\"1800\" height=\"1200\"  src=\"https:\/\/kyonconnection.com\/wp-content\/uploads\/20240817_Ishi_Debut-Recital.jpg\" alt=\"\" class=\"c-postThumb__img u-obf-cover\" srcset=\"https:\/\/kyonconnection.com\/wp-content\/uploads\/20240817_Ishi_Debut-Recital.jpg 1800w, https:\/\/kyonconnection.com\/wp-content\/uploads\/20240817_Ishi_Debut-Recital-768x512.jpg 768w, https:\/\/kyonconnection.com\/wp-content\/uploads\/20240817_Ishi_Debut-Recital-1536x1024.jpg 1536w\" sizes=\"auto, (min-width: 960px) 400px, 100vw\" loading=\"lazy\" >\t<\/figure>\n\t<\/div>\n\t\t\t\t\t<div class=\"p-postList__body\">\n\t\t\t\t<h3 class=\"p-postList__title\">Organisation des Deutschland-Deb\u00fct-Recitals des Pianisten Takuma Ishii<\/h3>\t\t\t\t\t\t\t\t<div class=\"p-postList__meta\">\n\t\t\t\t\t<div class=\"p-postList__times c-postTimes u-thin\">\n\t<time class=\"c-postTimes__posted icon-posted\" datetime=\"2024-08-17\" aria-label=\"\u516c\u958b\u65e5\">17.08.2024<\/time><\/div>\n\t\t\t\t<\/div>\n\t\t\t<\/div>\n\t\t\t<\/a>\n<\/li>\n<li class=\"p-postList__item\">\n\t<a href=\"https:\/\/kyonconnection.com\/de\/works\/603\/\" class=\"p-postList__link\">\n\t\t<div class=\"p-postList__thumb c-postThumb\">\n\t<figure class=\"c-postThumb__figure\">\n\t\t<img decoding=\"async\" width=\"1223\" height=\"917\"  src=\"https:\/\/kyonconnection.com\/wp-content\/uploads\/2024-Ishii-MV-germany-heidelberg-street.jpg\" alt=\"\" class=\"c-postThumb__img u-obf-cover\" srcset=\"https:\/\/kyonconnection.com\/wp-content\/uploads\/2024-Ishii-MV-germany-heidelberg-street.jpg 1223w, https:\/\/kyonconnection.com\/wp-content\/uploads\/2024-Ishii-MV-germany-heidelberg-street-768x576.jpg 768w\" sizes=\"auto, (min-width: 960px) 400px, 100vw\" loading=\"lazy\" >\t<\/figure>\n\t<\/div>\n\t\t\t\t\t<div class=\"p-postList__body\">\n\t\t\t\t<h3 class=\"p-postList__title\">Unterst\u00fctzung beim Drehen von Musikvideos in mehreren deutschen St\u00e4dten \u2013 Pianist Takuma Ishii: Street-Piano-Projekt und Musikvideodreh<\/h3>\t\t\t\t\t\t\t\t<div class=\"p-postList__meta\">\n\t\t\t\t\t<div class=\"p-postList__times c-postTimes u-thin\">\n\t<time class=\"c-postTimes__posted icon-posted\" datetime=\"2024-08-13\" aria-label=\"\u516c\u958b\u65e5\">13.08.2024<\/time><\/div>\n\t\t\t\t<\/div>\n\t\t\t<\/div>\n\t\t\t<\/a>\n<\/li>\n<li class=\"p-postList__item\">\n\t<a href=\"https:\/\/kyonconnection.com\/de\/works\/607\/\" class=\"p-postList__link\">\n\t\t<div class=\"p-postList__thumb c-postThumb\">\n\t<figure class=\"c-postThumb__figure\">\n\t\t<img decoding=\"async\" width=\"1164\" height=\"655\"  src=\"https:\/\/kyonconnection.com\/wp-content\/uploads\/489192895471ef656e2201885f47437d.jpg\" alt=\"\" class=\"c-postThumb__img u-obf-cover\" srcset=\"https:\/\/kyonconnection.com\/wp-content\/uploads\/489192895471ef656e2201885f47437d.jpg 1164w, https:\/\/kyonconnection.com\/wp-content\/uploads\/489192895471ef656e2201885f47437d-768x432.jpg 768w\" sizes=\"auto, (min-width: 960px) 400px, 100vw\" loading=\"lazy\" >\t<\/figure>\n\t<\/div>\n\t\t\t\t\t<div class=\"p-postList__body\">\n\t\t\t\t<h3 class=\"p-postList__title\">B\u00fchnenmoderation und Dolmetschen f\u00fcr den Pianisten Ryota Kikuchi | AnimagiC 2024, eines der gr\u00f6\u00dften Anime-Events in Deutschland<\/h3>\t\t\t\t\t\t\t\t<div class=\"p-postList__meta\">\n\t\t\t\t\t<div class=\"p-postList__times c-postTimes u-thin\">\n\t<time class=\"c-postTimes__posted icon-posted\" datetime=\"2024-08-02\" aria-label=\"\u516c\u958b\u65e5\">02.08.2024<\/time><\/div>\n\t\t\t\t<\/div>\n\t\t\t<\/div>\n\t\t\t<\/a>\n<\/li>\n<li class=\"p-postList__item\">\n\t<a href=\"https:\/\/kyonconnection.com\/de\/works\/610\/\" class=\"p-postList__link\">\n\t\t<div class=\"p-postList__thumb c-postThumb\">\n\t<figure class=\"c-postThumb__figure\">\n\t\t<img decoding=\"async\" width=\"2304\" height=\"1728\"  src=\"https:\/\/kyonconnection.com\/wp-content\/uploads\/2023-Karlsruhe_jyonetsutairiku.jpg\" alt=\"\" class=\"c-postThumb__img u-obf-cover\" srcset=\"https:\/\/kyonconnection.com\/wp-content\/uploads\/2023-Karlsruhe_jyonetsutairiku.jpg 2304w, https:\/\/kyonconnection.com\/wp-content\/uploads\/2023-Karlsruhe_jyonetsutairiku-768x576.jpg 768w, https:\/\/kyonconnection.com\/wp-content\/uploads\/2023-Karlsruhe_jyonetsutairiku-1536x1152.jpg 1536w, https:\/\/kyonconnection.com\/wp-content\/uploads\/2023-Karlsruhe_jyonetsutairiku-2048x1536.jpg 2048w\" sizes=\"auto, (min-width: 960px) 400px, 100vw\" loading=\"lazy\" >\t<\/figure>\n\t<\/div>\n\t\t\t\t\t<div class=\"p-postList__body\">\n\t\t\t\t<h3 class=\"p-postList__title\">Dreharbeitskoordination f\u00fcr \u201eJounetsu Tairiku\u201c \u2013 Deutschland<\/h3>\t\t\t\t\t\t\t\t<div class=\"p-postList__meta\">\n\t\t\t\t\t<div class=\"p-postList__times c-postTimes u-thin\">\n\t<time class=\"c-postTimes__posted icon-posted\" datetime=\"2023-11-01\" aria-label=\"\u516c\u958b\u65e5\">01.11.2023<\/time><\/div>\n\t\t\t\t<\/div>\n\t\t\t<\/div>\n\t\t\t<\/a>\n<\/li>\n<\/ul><\/div>\n\n\n<div style=\"height:50px\" aria-hidden=\"true\" class=\"wp-block-spacer\"><\/div>\n\n\n\n<div class=\"swell-block-button green_ -size-s is-style-btn_line\" data-align=\"right\" data-id=\"c1dc5f3c\"><a href=\"\/de\/works\/\" class=\"swell-block-button__link\" data-has-icon=\"1\"><span>VIEW MORE<\/span><svg class=\"__icon -right\" height=\"1em\" width=\"1em\" xmlns=\"http:\/\/www.w3.org\/2000\/svg\" aria-hidden=\"true\" viewBox=\"0 0 48 48\"><path d=\"M44 27H4v-3h36.7l-5.8-6.5 2.2-2 8 9z\"><\/path><\/svg><\/a><\/div>\n\n\n\n<div style=\"height:100px\" aria-hidden=\"true\" class=\"wp-block-spacer\"><\/div>\n<\/div><\/div>\n\n\n\n<div class=\"swell-block-fullWide pc-py-60 sp-py-80 has-bg-img alignfull lazyload wrap-none\" style=\"background-position:50% 100%;background-color:rgba(0, 0, 0, 0.4)\" data-bg=\"https:\/\/kyonconnection.com\/wp-content\/uploads\/kc-bg-w2.jpg\"><div class=\"swell-block-fullWide__inner\">\n<h2 class=\"wp-block-heading is-style-section_ttl\">ARTISTS<\/h2>\n<\/div><\/div>\n\n\n\n<div class=\"wp-block-group wrap-none\"><div class=\"wp-block-group__inner-container is-layout-constrained wp-block-group-is-layout-constrained\">\n<div style=\"height:50px\" aria-hidden=\"true\" class=\"wp-block-spacer\"><\/div>\n\n\n<div class=\"p-postListWrap\"><p>\u8a18\u4e8b\u304c\u898b\u3064\u304b\u308a\u307e\u305b\u3093\u3067\u3057\u305f\u3002<\/p><\/div>\n\n\n<div style=\"height:50px\" aria-hidden=\"true\" class=\"wp-block-spacer\"><\/div>\n\n\n\n<div class=\"swell-block-button green_ -size-s is-style-btn_line\" data-align=\"right\" data-id=\"c9477f69\"><a href=\"\/de\/artists\/\" class=\"swell-block-button__link\" data-has-icon=\"1\"><span>VIEW MORE<\/span><svg class=\"__icon -right\" height=\"1em\" width=\"1em\" xmlns=\"http:\/\/www.w3.org\/2000\/svg\" aria-hidden=\"true\" viewBox=\"0 0 48 48\"><path d=\"M44 27H4v-3h36.7l-5.8-6.5 2.2-2 8 9z\"><\/path><\/svg><\/a><\/div>\n\n\n\n<div style=\"height:100px\" aria-hidden=\"true\" class=\"wp-block-spacer\"><\/div>\n<\/div><\/div>\n\n\n\n<div class=\"wp-block-group wrap-none\"><div class=\"wp-block-group__inner-container is-layout-constrained wp-block-group-is-layout-constrained\">\n<h2 class=\"wp-block-heading\">NEWS<\/h2>\n\n\n<div class=\"p-postListWrap\"><p>\u8a18\u4e8b\u304c\u898b\u3064\u304b\u308a\u307e\u305b\u3093\u3067\u3057\u305f\u3002<\/p><\/div>\n\n\n<div style=\"height:50px\" aria-hidden=\"true\" class=\"wp-block-spacer\"><\/div>\n\n\n\n<div class=\"swell-block-button green_ -size-s is-style-btn_line\" data-align=\"right\" data-id=\"e545b788\"><a href=\"\/de\/news\/\" class=\"swell-block-button__link\" data-has-icon=\"1\"><span>ALL NEWS<\/span><svg class=\"__icon -right\" height=\"1em\" width=\"1em\" xmlns=\"http:\/\/www.w3.org\/2000\/svg\" aria-hidden=\"true\" viewBox=\"0 0 48 48\"><path d=\"M44 27H4v-3h36.7l-5.8-6.5 2.2-2 8 9z\"><\/path><\/svg><\/a><\/div>\n\n\n\n<div style=\"height:100px\" aria-hidden=\"true\" class=\"wp-block-spacer\"><\/div>\n<\/div><\/div>\n\n\n\n<div class=\"swell-block-fullWide pc-py-60 sp-py-40 has-bg-img -fixbg alignfull lazyload\" style=\"background-color:rgba(0, 0, 0, 0.3)\" data-bg=\"https:\/\/kyonconnection.com\/wp-content\/uploads\/violin-main-visual.jpg\"><div class=\"swell-block-fullWide__inner l-article\">\n<h2 class=\"wp-block-heading is-style-section_ttl\">KONTAKT<\/h2>\n<\/div><\/div>\n\n\n\n<div style=\"height:10px\" aria-hidden=\"true\" class=\"wp-block-spacer\"><\/div>\n\n\n\n<h2 class=\"wp-block-heading\">Wir helfen Ihnen gerne weiter<\/h2>\n\n\n\n<p>Bei Kyon Connection \u00fcbernehmen wir f\u00fcr Sie die umfassende Betreuung japanischer K\u00fcnstler aus dem Bereich der klassischen Musik \u2013 von der ersten Anfrage bis hin zum Vertragsabschluss.<br>Dar\u00fcber hinaus unterst\u00fctzen wir Sie gern, wenn Sie japanische K\u00fcnstler f\u00fcr andere kulturelle oder japanbezogene Veranstaltungen einladen m\u00f6chten, die nicht ausschlie\u00dflich der klassischen Musik zugeordnet sind.<\/p>\n\n\n\n<p>Auch Begleitungen als Dolmetscher bei Konzerttourneen in Japan sowie die Kommunikation mit lokalen Institutionen und Partnern geh\u00f6ren zu unserem Angebot.<br>Gerne stehen wir Ihnen f\u00fcr entsprechende Anfragen zur Verf\u00fcgung.<\/p>\n\n\n\n<div style=\"height:10px\" aria-hidden=\"true\" class=\"wp-block-spacer\"><\/div>\n\n\n\n<div class=\"swell-block-button green_ is-style-btn_line\" data-id=\"05a3a175\"><a href=\"\/de\/contact\/\" class=\"swell-block-button__link\" data-has-icon=\"1\"><span>KONTAKT<\/span><svg class=\"__icon -right\" height=\"1em\" width=\"1em\" xmlns=\"http:\/\/www.w3.org\/2000\/svg\" aria-hidden=\"true\" viewBox=\"0 0 48 48\"><path d=\"M44 27H4v-3h36.7l-5.8-6.5 2.2-2 8 9z\"><\/path><\/svg><\/a><\/div>\n","protected":false},"excerpt":{"rendered":"<p>Klassische Musik: Von Japan hinaus in die Welt Kyon Connection ist eine auf klassische Musik spezialisierte Ag [&hellip;]<\/p>\n","protected":false},"author":1,"featured_media":664,"parent":0,"menu_order":0,"comment_status":"closed","ping_status":"closed","template":"","meta":{"swell_btn_cv_data":"{\"ea601e50\":{\"pv\":144,\"imp\":73,\"click\":3},\"c1dc5f3c\":{\"pv\":144,\"imp\":36,\"click\":1},\"c9477f69\":{\"pv\":144},\"e545b788\":{\"pv\":144},\"05a3a175\":{\"pv\":144,\"imp\":31,\"click\":2}}","_locale":"de_DE","_original_post":"https:\/\/kyonconnection.com\/?page_id=55","footnotes":""},"class_list":["post-481","page","type-page","status-publish","has-post-thumbnail","hentry","de-DE"],"_links":{"self":[{"href":"https:\/\/kyonconnection.com\/wp-json\/wp\/v2\/pages\/481","targetHints":{"allow":["GET"]}}],"collection":[{"href":"https:\/\/kyonconnection.com\/wp-json\/wp\/v2\/pages"}],"about":[{"href":"https:\/\/kyonconnection.com\/wp-json\/wp\/v2\/types\/page"}],"author":[{"embeddable":true,"href":"https:\/\/kyonconnection.com\/wp-json\/wp\/v2\/users\/1"}],"replies":[{"embeddable":true,"href":"https:\/\/kyonconnection.com\/wp-json\/wp\/v2\/comments?post=481"}],"version-history":[{"count":27,"href":"https:\/\/kyonconnection.com\/wp-json\/wp\/v2\/pages\/481\/revisions"}],"predecessor-version":[{"id":826,"href":"https:\/\/kyonconnection.com\/wp-json\/wp\/v2\/pages\/481\/revisions\/826"}],"wp:featuredmedia":[{"embeddable":true,"href":"https:\/\/kyonconnection.com\/wp-json\/wp\/v2\/media\/664"}],"wp:attachment":[{"href":"https:\/\/kyonconnection.com\/wp-json\/wp\/v2\/media?parent=481"}],"curies":[{"name":"wp","href":"https:\/\/api.w.org\/{rel}","templated":true}]}}